{"id":46,"date":"2025-06-26T03:43:39","date_gmt":"2025-06-26T03:43:39","guid":{"rendered":"https:\/\/egirlfofa.com\/blog\/?page_id=46"},"modified":"2025-07-04T19:19:54","modified_gmt":"2025-07-04T19:19:54","slug":"mood","status":"publish","type":"page","link":"https:\/\/egirlfofa.com\/blog\/mood\/","title":{"rendered":"Mood&#8230;"},"content":{"rendered":"\n<p><\/p>\n\n\n\n<p>Loading\u2026 feeling.<\/p>\n\n\n\n<p>Coisas da atualidade, coisas que eu quero, etc&#8230; essa p\u00e1gina muda conforme meu humor ou quando d\u00e1 vontade de atualizar, hehe.<\/p>\n\n\n\n<p><\/p>\n\n\n\n<p class=\"has-xx-large-font-size\">Humor do Dia<\/p>\n\n\n\n<p class=\"has-text-align-left has-background\" style=\"background-color:#ffe9f7\"><em><strong>(04\/07\/2025)<\/strong><\/em><br><strong><font size=\"+2\">Hoje estou<\/font>&#8230;<br><\/strong>\ud83e\udde0 <strong>Pensando em<\/strong>: como o dia t\u00e1 frio hoje&#8230;<br>\ud83c\udfa7 <strong>Ouvindo<\/strong>: Sigma &#8211; Stay<br>\ud83c\udfae <strong>Jogando<\/strong>: Nada<br>\ud83c\udf75 <strong>Bebendo<\/strong>: Nada<br>\ud83c\udf6c <strong>Com vontade de<\/strong>: Nada, t\u00e1 super frio, ahh.<br>\ud83d\udcad <strong>Sonhei com<\/strong>: Um espelho m\u00e1gico com um ba\u00fa surpresa, no mundo das fadas.<br>\ud83e\ude9e<strong>Me senti bonita quando<\/strong>: Vixi&#8230; \ud83e\udd23<br>\ud83d\udcf1<strong>\u00daltima notifica\u00e7\u00e3o<\/strong>: Hiro<br>\ud83d\udc8c <strong>Mensagem que queria receber<\/strong>: Sei l\u00e1, que recebi R$294.343.823,84 na conta.<br>\u2728 <strong>Uma coisa boa de hoje<\/strong>: Terei tempo para fazer v\u00e1rias coisas (mas t\u00e1 frio, aff).<br>\ud83e\udee3 <strong>Uma coisa que queria esquecer<\/strong>: Dor de coliquinha.<br>\ud83d\udda4 <strong>Quem eu queria ao meu lado agora<\/strong>: N\u00e3o sei. Talvez um pet fofo.<br>\ud83c\udfb2 <strong>Cor do dia<\/strong>: Cinza&#8230;<\/p>\n\n\n\n<p class=\"has-text-align-center\">\u2665<\/p>\n\n\n\n<p class=\"has-xx-large-font-size\">Wishlist (Lista de Desejos)<\/p>\n\n\n\n<p class=\"has-background\" style=\"background-color:#ffe9f7\">\u2665 Ter uma estufa de plantas pequenas<br>\u2665 Fazer pelo menos 1 cap\u00edtulo do webtoon<br>\u2665 Comprar celular novo para fotos<br>\u2665 Comprar tablet nova pra desenhar na cama<\/p>\n\n\n\n<p><\/p>\n","protected":false},"excerpt":{"rendered":"<p>Loading\u2026 feeling. Coisas da atualidade, coisas que eu quero, etc&#8230; essa p\u00e1gina muda conforme meu humor ou quando d\u00e1 vontade de atualizar, hehe. Humor do Dia (04\/07\/2025)Hoje estou&#8230;\ud83e\udde0 Pensando em: como o dia t\u00e1 frio hoje&#8230;\ud83c\udfa7 Ouvindo: Sigma &#8211; Stay\ud83c\udfae Jogando: Nada\ud83c\udf75 Bebendo: Nada\ud83c\udf6c Com vontade de: Nada, t\u00e1 super frio, ahh.\ud83d\udcad Sonhei com: Um [&hellip;]<\/p>\n","protected":false},"author":1,"featured_media":0,"parent":0,"menu_order":0,"comment_status":"closed","ping_status":"closed","template":"","meta":{"footnotes":""},"class_list":["post-46","page","type-page","status-publish","hentry"],"_links":{"self":[{"href":"https:\/\/egirlfofa.com\/blog\/wp-json\/wp\/v2\/pages\/46","targetHints":{"allow":["GET"]}}],"collection":[{"href":"https:\/\/egirlfofa.com\/blog\/wp-json\/wp\/v2\/pages"}],"about":[{"href":"https:\/\/egirlfofa.com\/blog\/wp-json\/wp\/v2\/types\/page"}],"author":[{"embeddable":true,"href":"https:\/\/egirlfofa.com\/blog\/wp-json\/wp\/v2\/users\/1"}],"replies":[{"embeddable":true,"href":"https:\/\/egirlfofa.com\/blog\/wp-json\/wp\/v2\/comments?post=46"}],"version-history":[{"count":4,"href":"https:\/\/egirlfofa.com\/blog\/wp-json\/wp\/v2\/pages\/46\/revisions"}],"predecessor-version":[{"id":112,"href":"https:\/\/egirlfofa.com\/blog\/wp-json\/wp\/v2\/pages\/46\/revisions\/112"}],"wp:attachment":[{"href":"https:\/\/egirlfofa.com\/blog\/wp-json\/wp\/v2\/media?parent=46"}],"curies":[{"name":"wp","href":"https:\/\/api.w.org\/{rel}","templated":true}]}}