{"id":27,"date":"2025-06-26T00:06:24","date_gmt":"2025-06-26T00:06:24","guid":{"rendered":"https:\/\/egirlfofa.com\/blog\/?page_id=27"},"modified":"2025-07-15T16:42:11","modified_gmt":"2025-07-15T16:42:11","slug":"sobre-mim","status":"publish","type":"page","link":"https:\/\/egirlfofa.com\/blog\/sobre-mim\/","title":{"rendered":"Sobre mim&#8230;"},"content":{"rendered":"\n<p>\u2665<\/p>\n\n\n\n<figure class=\"wp-block-image aligncenter size-full has-custom-border\"><img loading=\"lazy\" decoding=\"async\" width=\"500\" height=\"348\" src=\"https:\/\/egirlfofa.com\/blog\/wp-content\/uploads\/2025\/06\/itsamy.jpg\" alt=\"\" class=\"wp-image-31\" style=\"border-width:1px\" srcset=\"https:\/\/egirlfofa.com\/blog\/wp-content\/uploads\/2025\/06\/itsamy.jpg 500w, https:\/\/egirlfofa.com\/blog\/wp-content\/uploads\/2025\/06\/itsamy-300x209.jpg 300w\" sizes=\"auto, (max-width: 500px) 100vw, 500px\" \/><\/figure>\n\n\n\n<p><\/p>\n\n\n\n<p><\/p>\n\n\n\n<h2 class=\"wp-block-heading\"><strong>Amy<\/strong>,<\/h2>\n\n\n\n<p>June Girl, Geminiana<\/p>\n\n\n\n<p>Arquiteta &amp; Designer (fiz facul), alien\u00edgena, bobinha, cosplayer, desenhista, criativa, kawaii, rom\u00e2ntica, doce, mimadinha, pseudo-fot\u00f3grafa, pseudo-fashionista, impulsiva, sempre correndo riscos, nunca desiste de seus sonhos. \u2665<\/p>\n\n\n\n<p><\/p>\n\n\n\n<h2 class=\"wp-block-heading\">Basics<\/h2>\n\n\n\n<p>Altura: 1.60 m<br>Peso: 4X kg<br>Cabelos: Originalmente pretos<br>Olhos: Castanhos e variam de acordo com as lentes (hahaha)<\/p>\n\n\n\n<p><\/p>\n\n\n\n<h2 class=\"wp-block-heading\">Favoritos<\/h2>\n\n\n\n<p class=\"is-style-section-2\" style=\"padding-top:0;padding-bottom:0\">Animal: Todos, mas principalmente gatos, coelhos e <em>raposas<\/em><br>Cor: Rosinha, Cores past\u00e9is, ou combina\u00e7\u00f5es de cores com preto<br>Comida: Doces<br>M\u00fasica: Ou\u00e7o qualquer coisa, desde pop chiclete, at\u00e9 heavy metal<br>Perfume: S\u00f3 uso col\u00f4nia de beb\u00ea (perfume forte me d\u00e1 enxaqueca)<\/p>\n\n\n\n<p class=\"is-style-section-2\" style=\"padding-top:0;padding-bottom:0\"><\/p>\n\n\n\n<h2 class=\"wp-block-heading\">Loves<\/h2>\n\n\n\n<p>bonecas, filmes de terror, m\u00e3e-natureza, espiritualidade &amp; tarot, meus guias, arte, pesadelos, coisinhas assustadoras, coisinhas fofas, contos de fadas, alien\u00edgenas, Lain, Ellie Williams, algod\u00e3o-doce, bandaids, sailormoon, coisas de princesas&#8230;<\/p>\n\n\n\n<p><strong>Qualquer coisa, eu culpo a franja.<\/strong><\/p>\n\n\n\n<p><\/p>\n\n\n\n<p>E se voc\u00ea chegou at\u00e9 aqui, parab\u00e9ns, voc\u00ea \u00e9 mais curioso do que eu pensava! \ud83e\udd23<\/p>\n\n\n\n<p><\/p>\n\n\n\n<p><\/p>\n\n\n\n<p class=\"has-text-align-right\"><a href=\"https:\/\/egirlfofa.com\/blog\" data-type=\"link\" data-id=\"https:\/\/egirlfofa.com\/blog\">Voltar para o blog<\/a><\/p>\n\n\n\n<p><\/p>\n","protected":false},"excerpt":{"rendered":"<p>\u2665 Amy, June Girl, Geminiana Arquiteta &amp; Designer (fiz facul), alien\u00edgena, bobinha, cosplayer, desenhista, criativa, kawaii, rom\u00e2ntica, doce, mimadinha, pseudo-fot\u00f3grafa, pseudo-fashionista, impulsiva, sempre correndo riscos, nunca desiste de seus sonhos. \u2665 Basics Altura: 1.60 mPeso: 4X kgCabelos: Originalmente pretosOlhos: Castanhos e variam de acordo com as lentes (hahaha) Favoritos Animal: Todos, mas principalmente gatos, coelhos [&hellip;]<\/p>\n","protected":false},"author":1,"featured_media":0,"parent":0,"menu_order":0,"comment_status":"closed","ping_status":"closed","template":"","meta":{"footnotes":""},"class_list":["post-27","page","type-page","status-publish","hentry"],"_links":{"self":[{"href":"https:\/\/egirlfofa.com\/blog\/wp-json\/wp\/v2\/pages\/27","targetHints":{"allow":["GET"]}}],"collection":[{"href":"https:\/\/egirlfofa.com\/blog\/wp-json\/wp\/v2\/pages"}],"about":[{"href":"https:\/\/egirlfofa.com\/blog\/wp-json\/wp\/v2\/types\/page"}],"author":[{"embeddable":true,"href":"https:\/\/egirlfofa.com\/blog\/wp-json\/wp\/v2\/users\/1"}],"replies":[{"embeddable":true,"href":"https:\/\/egirlfofa.com\/blog\/wp-json\/wp\/v2\/comments?post=27"}],"version-history":[{"count":13,"href":"https:\/\/egirlfofa.com\/blog\/wp-json\/wp\/v2\/pages\/27\/revisions"}],"predecessor-version":[{"id":127,"href":"https:\/\/egirlfofa.com\/blog\/wp-json\/wp\/v2\/pages\/27\/revisions\/127"}],"wp:attachment":[{"href":"https:\/\/egirlfofa.com\/blog\/wp-json\/wp\/v2\/media?parent=27"}],"curies":[{"name":"wp","href":"https:\/\/api.w.org\/{rel}","templated":true}]}}